{"id":8109,"date":"2024-06-18T10:15:23","date_gmt":"2024-06-18T08:15:23","guid":{"rendered":"https:\/\/ims.si\/?post_type=product&#038;p=8109"},"modified":"2024-06-19T08:43:13","modified_gmt":"2024-06-19T06:43:13","slug":"pojacalo-2755","status":"publish","type":"product","link":"https:\/\/ims.si\/hr\/izdelek\/pojacalo-2755\/","title":{"rendered":"Poja\u010dalo 2755"},"content":{"rendered":"<ul>\n<li>Dio potpunog sustava za akustiku zgrada koji uklju\u010duje mjera\u010d razine zvuka HBK 2255<\/li>\n<li>Visoka izlazna snaga, pru\u017ea do 500 W na 4 \u03a9<\/li>\n<li>Izlaz s jednim ili dva kanala (s razdjelnikom)<\/li>\n<li>Lagan i izuzetno prijenosan, te\u017ei samo 2,2 kg (4,9 lb)<\/li>\n<li>Sna\u017ean generator signala s unaprijed u\u010ditanim signalima optimiziranim za specifi\u010dne primjene<\/li>\n<li>Kompenzacija kompresije snage omogu\u0107uje izuzetno stabilan akusti\u010dki izlaz tijekom dugih perioda neprekidnog rada<\/li>\n<li>Be\u017ei\u010dno upravljanje s mjera\u010dem razine zvuka HBK 2255 i Building Acoustics Partnerom<\/li>\n<li>Mo\u017ee se koristiti kao univerzalni USB audio ure\u0111aj s ugra\u0111enim fantomskim ili CCLD napajanjem. Digitalni (USB) izlaz se spaja izravno na ra\u010dunalo.<\/li>\n<li>Precizno, digitalno kontrolirano pode\u0161avanje poja\u010danja s rezolucijom od 0,5 dB<\/li>\n<\/ul>\n","protected":false},"excerpt":{"rendered":"<p>Sna\u017eno, kompaktno i lagano poja\u010dalo s integriranim generatorom signala i mogu\u0107no\u0161\u0107u be\u017ei\u010dnog daljinskog upravljanja. HBK 2755 idealan je za mjerenje akustike prostorija i zgrada, kao i za mjerenje doprinosa izvora zvuka (SPC).<\/p>\n<p>Kada se koristi za mjerenja zvu\u010dne izolacije, mobilna aplikacija Building Acoustics Partner, za mjera\u010d razine zvuka HBK 2255, automatski konfigurira i upravlja HBK 2755, osiguravaju\u0107i optimalne postavke za svako mjerenje.<\/p>\n<p>Za napredna mjerenja akustike prostorija, HBK 2755 mo\u017ee se izravno povezati s ra\u010dunalom na kojem se pokre\u0107e softver za akustiku prostorija, DIRAC, ili raditi asinkrono s signalima koji se reproduciraju iz integriranog generatora signala HBK 2755.<\/p>\n<p><a class=\"btn\" href=\"https:\/\/www.bksv.com\/en\/transducers\/acoustic\/sound-sources\/power-amplifier-2755\" target=\"_blank\" rel=\"noopener\">Vi\u0161e informacija (ang.)<\/a><\/p>\n","protected":false},"featured_media":8114,"template":"","meta":{"content-type":""},"product_brand":[],"product_cat":[246],"product_tag":[101,102],"class_list":{"0":"post-8109","1":"product","2":"type-product","3":"status-publish","4":"has-post-thumbnail","6":"product_cat-zvucni-izvori-pojacala","7":"product_tag-gradevinstvo","8":"product_tag-hottinger-bruel-kjaer-hr","10":"first","11":"instock","12":"shipping-taxable","13":"product-type-simple"},"_links":{"self":[{"href":"https:\/\/ims.si\/hr\/wp-json\/wp\/v2\/product\/8109","targetHints":{"allow":["GET"]}}],"collection":[{"href":"https:\/\/ims.si\/hr\/wp-json\/wp\/v2\/product"}],"about":[{"href":"https:\/\/ims.si\/hr\/wp-json\/wp\/v2\/types\/product"}],"version-history":[{"count":0,"href":"https:\/\/ims.si\/hr\/wp-json\/wp\/v2\/product\/8109\/revisions"}],"wp:featuredmedia":[{"embeddable":true,"href":"https:\/\/ims.si\/hr\/wp-json\/wp\/v2\/media\/8114"}],"wp:attachment":[{"href":"https:\/\/ims.si\/hr\/wp-json\/wp\/v2\/media?parent=8109"}],"wp:term":[{"taxonomy":"product_brand","embeddable":true,"href":"https:\/\/ims.si\/hr\/wp-json\/wp\/v2\/product_brand?post=8109"},{"taxonomy":"product_cat","embeddable":true,"href":"https:\/\/ims.si\/hr\/wp-json\/wp\/v2\/product_cat?post=8109"},{"taxonomy":"product_tag","embeddable":true,"href":"https:\/\/ims.si\/hr\/wp-json\/wp\/v2\/product_tag?post=8109"}],"curies":[{"name":"wp","href":"https:\/\/api.w.org\/{rel}","templated":true}]}}