{"id":8725,"date":"2024-10-21T11:17:51","date_gmt":"2024-10-21T09:17:51","guid":{"rendered":"https:\/\/ims.si\/izdelek\/kovcek-po-mjeri\/"},"modified":"2024-10-21T12:34:00","modified_gmt":"2024-10-21T10:34:00","slug":"kovcek-po-mjeri","status":"publish","type":"product","link":"https:\/\/ims.si\/hr\/izdelek\/kovcek-po-mjeri\/","title":{"rendered":"Kov\u010dek po mjeri"},"content":{"rendered":"<p>Na\u0161a tvrtka nudi sveobuhvatna rje\u0161enja za kov\u010dege po mjeri, prilago\u0111ene specifi\u010dnim potrebama klijenata. Kov\u010dezi su dizajnirani za sigurno spremanje i transport osjetljive opreme i alata. Izra\u0111eni su od visokokvalitetnih materijala. Mogu\u0107a je i unutarnja prilagodba s podstavljenim umetcima i pretincima. Na zahtjev, kov\u010degu se mo\u017ee dodati priklju\u010dak za napajanje i mikrofon, \u0161to omogu\u0107uje lak\u0161e kori\u0161tenje opreme na terenu. Na\u0161e rje\u0161enje spaja izdr\u017eljivost i funkcionalnost te osigurava potpunu za\u0161titu.<\/p>\n","protected":false},"excerpt":{"rendered":"<p>Na\u0161a tvrtka nudi sveobuhvatna rje\u0161enja za kov\u010dege po mjeri, prilago\u0111ene specifi\u010dnim potrebama klijenata.<\/p>\n","protected":false},"featured_media":8687,"template":"","meta":{"content-type":""},"product_brand":[],"product_cat":[124,119],"product_tag":[98,104,101,248,106,110,178],"class_list":{"0":"post-8725","1":"product","2":"type-product","3":"status-publish","4":"has-post-thumbnail","6":"product_cat-dodatci","7":"product_cat-dodatna-oprema-hr","8":"product_tag-automotive-hr","9":"product_tag-buka-u-okolisu","10":"product_tag-gradevinstvo","11":"product_tag-ims-merilni-sistemi-hr","12":"product_tag-industrija-hr","13":"product_tag-medicina-hr","14":"product_tag-zastita-na-radu","16":"first","17":"instock","18":"shipping-taxable","19":"product-type-simple"},"_links":{"self":[{"href":"https:\/\/ims.si\/hr\/wp-json\/wp\/v2\/product\/8725","targetHints":{"allow":["GET"]}}],"collection":[{"href":"https:\/\/ims.si\/hr\/wp-json\/wp\/v2\/product"}],"about":[{"href":"https:\/\/ims.si\/hr\/wp-json\/wp\/v2\/types\/product"}],"version-history":[{"count":0,"href":"https:\/\/ims.si\/hr\/wp-json\/wp\/v2\/product\/8725\/revisions"}],"wp:featuredmedia":[{"embeddable":true,"href":"https:\/\/ims.si\/hr\/wp-json\/wp\/v2\/media\/8687"}],"wp:attachment":[{"href":"https:\/\/ims.si\/hr\/wp-json\/wp\/v2\/media?parent=8725"}],"wp:term":[{"taxonomy":"product_brand","embeddable":true,"href":"https:\/\/ims.si\/hr\/wp-json\/wp\/v2\/product_brand?post=8725"},{"taxonomy":"product_cat","embeddable":true,"href":"https:\/\/ims.si\/hr\/wp-json\/wp\/v2\/product_cat?post=8725"},{"taxonomy":"product_tag","embeddable":true,"href":"https:\/\/ims.si\/hr\/wp-json\/wp\/v2\/product_tag?post=8725"}],"curies":[{"name":"wp","href":"https:\/\/api.w.org\/{rel}","templated":true}]}}