{"id":9237,"date":"2025-03-11T11:29:03","date_gmt":"2025-03-11T10:29:03","guid":{"rendered":"https:\/\/ims.si\/izdelek\/fusion-ln-3070\/"},"modified":"2025-03-11T11:45:29","modified_gmt":"2025-03-11T10:45:29","slug":"fusion-ln-3070","status":"publish","type":"product","link":"https:\/\/ims.si\/hr\/izdelek\/fusion-ln-3070\/","title":{"rendered":"Fusion-LN 3070"},"content":{"rendered":"<p><span data-sheets-root=\"1\">Fusion-LN 3070 mo\u017ee se koristiti samostalno ili kao dio velikog mjernog sustava, uklju\u010duju\u0107i kompatibilnost unatrag s LAN-XI. Tip 3070 podr\u017eava \u0161irok izbor senzora, ima DYN-X tehnologiju i uskla\u0111en je s openDAQ-om.<\/span><\/p>\n<p>Upotrebe:<\/p>\n<ul>\n<li><span data-sheets-root=\"1\">CCLD\/IEPE<\/span><\/li>\n<li><span data-sheets-root=\"1\">Napon<\/span><\/li>\n<li><span data-sheets-root=\"1\">Mikrofoni<\/span><\/li>\n<li><span data-sheets-root=\"1\">Mjerenje s jednim modulom<\/span><\/li>\n<li><span data-sheets-root=\"1\">Distribuirani sustavi<\/span><\/li>\n<li><span data-sheets-root=\"1\">Vi\u0161e modula slo\u017eenih zajedno<\/span><\/li>\n<li><span data-sheets-root=\"1\">Monta\u017ea u &#8220;okvir&#8221;<\/span><\/li>\n<li><span data-sheets-root=\"1\">Izmjenjive prednje plo\u010de<\/span><\/li>\n<\/ul>\n","protected":false},"excerpt":{"rendered":"<p><span data-sheets-root=\"1\">Fusion-LN je ultimativno rje\u0161enje za prikupljanje podataka za \u0161irok spektar aplikacija mjerenja zvuka i vibracija, kombiniraju\u0107i vrhunske performanse, izuzetnu izdr\u017eljivost i pouzdanost. Fusion-LN se mo\u017ee koristiti kao pojedina\u010dni modul, u distribuiranim sustavima ili u okvirima za aplikacije s velikim brojem kanala (s vi\u0161e od 1000 kanala). O\u010duvajte trenutne mogu\u0107nosti i pro\u0161la ulaganja s kompatibilno\u0161\u0107u unatrag prema LAN-XI-u. Kombinirajte s BK Connect\u00ae, Tescia\u00ae ili PULSE\u2122 LabShop za potpuno rje\u0161enje mjerenja i analize ili integrirajte s prilago\u0111enim rje\u0161enjima putem openDAQ\u2122. Varijanta 3070 sadr\u017ei 6-kanalni, 102,4 kHz vi\u0161enamjenski modul s izmjenjivim prednjim plo\u010dama.<\/span><\/p>\n","protected":false},"featured_media":9230,"template":"","meta":{"content-type":""},"product_brand":[],"product_cat":[177],"product_tag":[102,106],"class_list":{"0":"post-9237","1":"product","2":"type-product","3":"status-publish","4":"has-post-thumbnail","6":"product_cat-prikupljanje-podataka","7":"product_tag-hottinger-bruel-kjaer-hr","8":"product_tag-industrija-hr","10":"first","11":"instock","12":"shipping-taxable","13":"product-type-simple"},"_links":{"self":[{"href":"https:\/\/ims.si\/hr\/wp-json\/wp\/v2\/product\/9237","targetHints":{"allow":["GET"]}}],"collection":[{"href":"https:\/\/ims.si\/hr\/wp-json\/wp\/v2\/product"}],"about":[{"href":"https:\/\/ims.si\/hr\/wp-json\/wp\/v2\/types\/product"}],"version-history":[{"count":1,"href":"https:\/\/ims.si\/hr\/wp-json\/wp\/v2\/product\/9237\/revisions"}],"predecessor-version":[{"id":9238,"href":"https:\/\/ims.si\/hr\/wp-json\/wp\/v2\/product\/9237\/revisions\/9238"}],"wp:featuredmedia":[{"embeddable":true,"href":"https:\/\/ims.si\/hr\/wp-json\/wp\/v2\/media\/9230"}],"wp:attachment":[{"href":"https:\/\/ims.si\/hr\/wp-json\/wp\/v2\/media?parent=9237"}],"wp:term":[{"taxonomy":"product_brand","embeddable":true,"href":"https:\/\/ims.si\/hr\/wp-json\/wp\/v2\/product_brand?post=9237"},{"taxonomy":"product_cat","embeddable":true,"href":"https:\/\/ims.si\/hr\/wp-json\/wp\/v2\/product_cat?post=9237"},{"taxonomy":"product_tag","embeddable":true,"href":"https:\/\/ims.si\/hr\/wp-json\/wp\/v2\/product_tag?post=9237"}],"curies":[{"name":"wp","href":"https:\/\/api.w.org\/{rel}","templated":true}]}}