{"id":9602,"date":"2025-12-03T13:11:10","date_gmt":"2025-12-03T12:11:10","guid":{"rendered":"https:\/\/ims.si\/izdelek\/prijenosni-kovcek-za-pojacalo-2755\/"},"modified":"2025-12-04T15:52:34","modified_gmt":"2025-12-04T14:52:34","slug":"prijenosni-kovcek-za-pojacalo-2755","status":"publish","type":"product","link":"https:\/\/ims.si\/hr\/izdelek\/prijenosni-kovcek-za-pojacalo-2755\/","title":{"rendered":"Prijenosni kov\u010dek za poja\u010dalo 2755"},"content":{"rendered":"","protected":false},"excerpt":{"rendered":"<p>Ovaj robustan i prakti\u010dan kov\u010dek dizajniran je posebno za poja\u010dalo 2755 s pripadaju\u0107om komunikacijskom opremom.<\/p>\n<p>Osigurava sigurno skladi\u0161tenje, jednostavan prijenos i za\u0161titu opreme od o\u0161te\u0107enja tijekom transporta ili upotrebe.<\/p>\n<p>Klju\u010dne prednosti:<\/p>\n<ul>\n<li>Ergonomske ru\u010dke i izdr\u017eljiva konstrukcija omogu\u0107uju jednostavan i siguran prijenos opreme<\/li>\n<li>Omogu\u0107uje spajanje zvu\u010dnika izravno na kov\u010dek, bez potrebe za pomicanjem opreme<\/li>\n<li>Ugra\u0111eni pretinac za pohranu kabela i dodataka<\/li>\n<li>Robusna konstrukcija \u0161titi opremu od udaraca i o\u0161te\u0107enja<\/li>\n<\/ul>\n<p>Idealno rje\u0161enje za mobilnu upotrebu za sve koji \u017eele za\u0161tititi svoju opremu i istovremeno zadr\u017eati jednostavan pristup do nje.<\/p>\n<p><strong>Napomena: Kov\u010dek prikazan na slikama posebno je konfiguriran za be\u017ei\u010dni rad s mjera\u010dima razine zvuka 2250 i 2270.<\/strong><\/p>\n","protected":false},"featured_media":9590,"template":"","meta":{"content-type":""},"product_brand":[],"product_cat":[124,119],"product_tag":[101,248],"class_list":{"0":"post-9602","1":"product","2":"type-product","3":"status-publish","4":"has-post-thumbnail","6":"product_cat-dodatci","7":"product_cat-dodatna-oprema-hr","8":"product_tag-gradevinstvo","9":"product_tag-ims-merilni-sistemi-hr","11":"first","12":"instock","13":"shipping-taxable","14":"product-type-simple"},"_links":{"self":[{"href":"https:\/\/ims.si\/hr\/wp-json\/wp\/v2\/product\/9602","targetHints":{"allow":["GET"]}}],"collection":[{"href":"https:\/\/ims.si\/hr\/wp-json\/wp\/v2\/product"}],"about":[{"href":"https:\/\/ims.si\/hr\/wp-json\/wp\/v2\/types\/product"}],"version-history":[{"count":2,"href":"https:\/\/ims.si\/hr\/wp-json\/wp\/v2\/product\/9602\/revisions"}],"predecessor-version":[{"id":9607,"href":"https:\/\/ims.si\/hr\/wp-json\/wp\/v2\/product\/9602\/revisions\/9607"}],"wp:featuredmedia":[{"embeddable":true,"href":"https:\/\/ims.si\/hr\/wp-json\/wp\/v2\/media\/9590"}],"wp:attachment":[{"href":"https:\/\/ims.si\/hr\/wp-json\/wp\/v2\/media?parent=9602"}],"wp:term":[{"taxonomy":"product_brand","embeddable":true,"href":"https:\/\/ims.si\/hr\/wp-json\/wp\/v2\/product_brand?post=9602"},{"taxonomy":"product_cat","embeddable":true,"href":"https:\/\/ims.si\/hr\/wp-json\/wp\/v2\/product_cat?post=9602"},{"taxonomy":"product_tag","embeddable":true,"href":"https:\/\/ims.si\/hr\/wp-json\/wp\/v2\/product_tag?post=9602"}],"curies":[{"name":"wp","href":"https:\/\/api.w.org\/{rel}","templated":true}]}}